{"id":4569,"date":"2020-06-05T13:53:17","date_gmt":"2020-06-05T10:53:17","guid":{"rendered":"https:\/\/sharkscreators.com\/accueil\/"},"modified":"2026-04-12T23:03:53","modified_gmt":"2026-04-12T20:03:53","slug":"fr","status":"publish","type":"page","link":"https:\/\/sharkscreators.com\/fr\/","title":{"rendered":"Accueil"},"content":{"rendered":"\n<p class=\"has-text-align-left wp-block-paragraph\">A Marketing Agency in Lebanon and canada passionate about creating strategies, content, advertising campaigns, social media marketing, graphic design, corporate branding, video production, and photography! with more than 20 years of experience in local and international markets.<\/p>\n\n<figure class=\"wp-block-embed alignwide is-type-video is-provider-youtube wp-block-embed-youtube wp-embed-aspect-16-9 wp-has-aspect-ratio\" style=\"margin-top:var(--wp--preset--spacing--30);margin-bottom:var(--wp--preset--spacing--30)\"><div class=\"wp-block-embed__wrapper\">\n<span class=\"embed-youtube\" style=\"text-align:center; display: block;\"><iframe loading=\"lazy\" class=\"youtube-player\" width=\"750\" height=\"422\" src=\"https:\/\/www.youtube.com\/embed\/9O8oZ5U7ezw?version=3&#038;rel=1&#038;showsearch=0&#038;showinfo=1&#038;iv_load_policy=1&#038;fs=1&#038;hl=fr-FR&#038;autohide=2&#038;wmode=transparent\" allowfullscreen=\"true\" style=\"border:0;\" sandbox=\"allow-scripts allow-same-origin allow-popups allow-presentation allow-popups-to-escape-sandbox\"><\/iframe><\/span>\n<\/div><\/figure>\n\n<div class=\"wp-block-cover alignfull is-position-center-center wp-elements-971bfc897d6a779efc62b6ea66e38818 wp-duotone-rgb52354-ccc-1\" style=\"min-height:538px;aspect-ratio:unset;\"><img data-recalc-dims=\"1\" loading=\"lazy\" decoding=\"async\" width=\"750\" height=\"302\" class=\"wp-block-cover__image-background wp-image-139\" alt=\"Marketing Digital Agency\" src=\"https:\/\/i0.wp.com\/sharkscreators.com\/wp-content\/uploads\/2020\/06\/home-page-picture-bw.jpg?resize=750%2C302&#038;ssl=1\" style=\"object-position:49% 52%\" data-object-fit=\"cover\" data-object-position=\"49% 52%\"\/><span aria-hidden=\"true\" class=\"wp-block-cover__background has-background-dim-30 has-background-dim\" style=\"background-color:#051736\"><\/span><div class=\"wp-block-cover__inner-container is-layout-flow wp-block-cover-is-layout-flow\">\n<p class=\"has-text-align-center has-large-font-size wp-block-paragraph\"><strong>Exprimez votre cr\u00e9ativit\u00e9<\/strong><\/p>\n\n\n\n<div class=\"wp-block-buttons is-content-justification-center is-layout-flex wp-container-core-buttons-is-layout-82d461e8 wp-block-buttons-is-layout-flex\">\n<div class=\"wp-block-button is-style-fill\"><a class=\"wp-block-button__link has-background has-text-align-center wp-element-button\" href=\"https:\/\/sharkscreators.com\/fr\/ressources-de-marketing-digital\/\" style=\"background-color:#db8c3b\">T\u00e9l\u00e9chargez nos ressources gratuites<\/a><\/div>\n<\/div>\n<\/div><\/div>\n\n<p class=\"has-text-align-left wp-block-paragraph\">Nous fournissons une large gamme de services visant essentiellement \u00e0 faciliter votre capacit\u00e9 \u00e0 transmettre des messages pr\u00e9cis\u00e9ment adapt\u00e9s \u00e0 votre public cible. Cela implique non seulement d\u2019\u00e9laborer les bons messages et le bon style, mais \u00e9galement de garantir un engagement optimal via les canaux et les v\u00e9hicules appropri\u00e9s.<\/p>\n\n<p class=\"has-text-align-left wp-block-paragraph\">Avant d\u2019atteindre cette \u00e9tape, il est imp\u00e9ratif pour une entreprise d\u2019articuler une vision bien d\u00e9finie englobant ses objectifs, sa proposition de valeur et son positionnement. De plus, l\u2019identification des segments distincts qui n\u00e9cessitent un ciblage et la d\u00e9finition de messages principaux sp\u00e9cifiques pour chaque segment sont des \u00e9tapes cruciales. Ainsi, notre agence marketing s\u2019engage \u00e0 vous accompagner dans la formulation d\u2019une strat\u00e9gie globale. Tout en \u00e9tablissant s\u00fbrement une base solide avant de se plonger dans les diff\u00e9rents outils de communication, en abordant l&rsquo;am\u00e9lioration des produits, la distribution, les promotions, la publicit\u00e9, les m\u00e9dias sociaux et la tarification.<\/p>\n\n<hr class=\"wp-block-separator has-alpha-channel-opacity\"\/>\n\n<div class=\"wp-block-buttons is-horizontal is-content-justification-center is-layout-flex wp-container-core-buttons-is-layout-cbcdc57d wp-block-buttons-is-layout-flex\">\n<div class=\"wp-block-button aligncenter\"><a class=\"wp-block-button__link has-background wp-element-button\" href=\"https:\/\/sharkscreators.com\/fr\/services-marketing\/\" style=\"background-color:#db8c3b\">Nos Services<\/a><\/div>\n<\/div>\n\n<hr class=\"wp-block-separator has-alpha-channel-opacity\"\/>\n\n<h2 class=\"wp-block-heading has-text-align-left\" id=\"h-click-below-to-visit-our-marketing-agency-s-page\">Click below to visit our marketing agency&rsquo;s page<\/h2>\n\n<p class=\"has-text-align-left wp-block-paragraph\">You can check a sample of our graphic design and logo creation in addition to corporate branding. A selection of the videos we have produced are organized into different categories to facilitate your search. So you will be able to watch our TV Commercials and then the Online Videos. Under each, we have movies for each sub-category like Food and Beverage, Travel, Social, etc. Please feel free to visit and follow our <a href=\"https:\/\/www.instagram.com\/sharkscreators\/\">Instagram Account<\/a>. And you can also visit our <a href=\"https:\/\/www.youtube.com\/@sharkscreators\">YouTube<\/a> channel.<\/p>\n\n<div class=\"wp-block-columns alignwide is-layout-flex wp-container-core-columns-is-layout-7387b849 wp-block-columns-is-layout-flex\">\n<div class=\"wp-block-column is-layout-flow wp-block-column-is-layout-flow\"><div class=\"wp-block-image\">\n<figure class=\"aligncenter size-large\"><a href=\"https:\/\/sharkscreators.com\/fr\/notre-portfolio\/\"><img data-recalc-dims=\"1\" loading=\"lazy\" decoding=\"async\" width=\"750\" height=\"500\" src=\"https:\/\/i0.wp.com\/sharkscreators.com\/wp-content\/uploads\/2020\/06\/our-portfolio-with-title.jpg?resize=750%2C500&#038;ssl=1\" alt=\"Agence de marketing\" class=\"wp-image-135\"\/><\/a><\/figure>\n<\/div><\/div>\n\n\n\n<div class=\"wp-block-column is-layout-flow wp-block-column-is-layout-flow\"><div class=\"wp-block-image\">\n<figure class=\"aligncenter size-large\"><a href=\"https:\/\/sharkscreators.com\/blogs\/\"><img data-recalc-dims=\"1\" loading=\"lazy\" decoding=\"async\" width=\"750\" height=\"500\" src=\"https:\/\/i0.wp.com\/sharkscreators.com\/wp-content\/uploads\/2023\/01\/Blog-Icon-2.jpg?resize=750%2C500&#038;ssl=1\" alt=\"Agence de marketing\" class=\"wp-image-3434\" srcset=\"https:\/\/i0.wp.com\/sharkscreators.com\/wp-content\/uploads\/2023\/01\/Blog-Icon-2.jpg?resize=1024%2C682&amp;ssl=1 1024w, https:\/\/i0.wp.com\/sharkscreators.com\/wp-content\/uploads\/2023\/01\/Blog-Icon-2.jpg?resize=300%2C200&amp;ssl=1 300w, https:\/\/i0.wp.com\/sharkscreators.com\/wp-content\/uploads\/2023\/01\/Blog-Icon-2.jpg?resize=768%2C512&amp;ssl=1 768w, https:\/\/i0.wp.com\/sharkscreators.com\/wp-content\/uploads\/2023\/01\/Blog-Icon-2.jpg?resize=1200%2C800&amp;ssl=1 1200w, https:\/\/i0.wp.com\/sharkscreators.com\/wp-content\/uploads\/2023\/01\/Blog-Icon-2.jpg?w=1280&amp;ssl=1 1280w\" sizes=\"auto, (max-width: 750px) 100vw, 750px\" \/><\/a><\/figure>\n<\/div><\/div>\n<\/div>\n\n<hr class=\"wp-block-separator has-css-opacity is-style-wide\"\/>\n\n<h2 class=\"wp-block-heading has-text-align-center\" id=\"h-our-valued-customers\" style=\"font-size:24px\"><strong>Our Valued Customers<\/strong><\/h2>\n\n<p class=\"has-text-align-left wp-block-paragraph\">We are proud we earned their trust. As one of the top marketing agencies in Lebanon and Canada, we aim to add value to our clients&rsquo; businesses and mission development.<\/p>\n\n<div class=\"wp-block-columns alignwide are-vertically-aligned-center is-layout-flex wp-container-core-columns-is-layout-7387b849 wp-block-columns-is-layout-flex\">\n<div class=\"wp-block-column is-vertically-aligned-center is-layout-flow wp-block-column-is-layout-flow\">\n<figure class=\"wp-block-image size-large\"><img data-recalc-dims=\"1\" loading=\"lazy\" decoding=\"async\" width=\"750\" height=\"500\" src=\"https:\/\/i0.wp.com\/sharkscreators.com\/wp-content\/uploads\/2023\/01\/Our-Customers-5.jpg?resize=750%2C500&#038;ssl=1\" alt=\"Agence de marketing\" class=\"wp-image-3420\" srcset=\"https:\/\/i0.wp.com\/sharkscreators.com\/wp-content\/uploads\/2023\/01\/Our-Customers-5.jpg?resize=1024%2C682&amp;ssl=1 1024w, https:\/\/i0.wp.com\/sharkscreators.com\/wp-content\/uploads\/2023\/01\/Our-Customers-5.jpg?resize=300%2C200&amp;ssl=1 300w, https:\/\/i0.wp.com\/sharkscreators.com\/wp-content\/uploads\/2023\/01\/Our-Customers-5.jpg?resize=768%2C512&amp;ssl=1 768w, https:\/\/i0.wp.com\/sharkscreators.com\/wp-content\/uploads\/2023\/01\/Our-Customers-5.jpg?resize=1200%2C800&amp;ssl=1 1200w, https:\/\/i0.wp.com\/sharkscreators.com\/wp-content\/uploads\/2023\/01\/Our-Customers-5.jpg?w=1280&amp;ssl=1 1280w\" sizes=\"auto, (max-width: 750px) 100vw, 750px\" \/><\/figure>\n\n\n\n<figure class=\"wp-block-image size-large\"><img data-recalc-dims=\"1\" loading=\"lazy\" decoding=\"async\" width=\"750\" height=\"500\" src=\"https:\/\/i0.wp.com\/sharkscreators.com\/wp-content\/uploads\/2023\/08\/Our-Customers-2.jpg?resize=750%2C500&#038;ssl=1\" alt=\"\" class=\"wp-image-4406\" srcset=\"https:\/\/i0.wp.com\/sharkscreators.com\/wp-content\/uploads\/2023\/08\/Our-Customers-2.jpg?resize=1024%2C682&amp;ssl=1 1024w, https:\/\/i0.wp.com\/sharkscreators.com\/wp-content\/uploads\/2023\/08\/Our-Customers-2.jpg?resize=300%2C200&amp;ssl=1 300w, https:\/\/i0.wp.com\/sharkscreators.com\/wp-content\/uploads\/2023\/08\/Our-Customers-2.jpg?resize=768%2C512&amp;ssl=1 768w, https:\/\/i0.wp.com\/sharkscreators.com\/wp-content\/uploads\/2023\/08\/Our-Customers-2.jpg?resize=1200%2C800&amp;ssl=1 1200w, https:\/\/i0.wp.com\/sharkscreators.com\/wp-content\/uploads\/2023\/08\/Our-Customers-2.jpg?w=1280&amp;ssl=1 1280w\" sizes=\"auto, (max-width: 750px) 100vw, 750px\" \/><\/figure>\n<\/div>\n\n\n\n<div class=\"wp-block-column is-vertically-aligned-center is-layout-flow wp-block-column-is-layout-flow\">\n<figure class=\"wp-block-image size-large\"><img data-recalc-dims=\"1\" loading=\"lazy\" decoding=\"async\" width=\"750\" height=\"500\" src=\"https:\/\/i0.wp.com\/sharkscreators.com\/wp-content\/uploads\/2023\/01\/Our-Customers-4.jpg?resize=750%2C500&#038;ssl=1\" alt=\"\" class=\"wp-image-3417\" srcset=\"https:\/\/i0.wp.com\/sharkscreators.com\/wp-content\/uploads\/2023\/01\/Our-Customers-4.jpg?resize=1024%2C682&amp;ssl=1 1024w, https:\/\/i0.wp.com\/sharkscreators.com\/wp-content\/uploads\/2023\/01\/Our-Customers-4.jpg?resize=300%2C200&amp;ssl=1 300w, https:\/\/i0.wp.com\/sharkscreators.com\/wp-content\/uploads\/2023\/01\/Our-Customers-4.jpg?resize=768%2C512&amp;ssl=1 768w, https:\/\/i0.wp.com\/sharkscreators.com\/wp-content\/uploads\/2023\/01\/Our-Customers-4.jpg?resize=1200%2C800&amp;ssl=1 1200w, https:\/\/i0.wp.com\/sharkscreators.com\/wp-content\/uploads\/2023\/01\/Our-Customers-4.jpg?w=1280&amp;ssl=1 1280w\" sizes=\"auto, (max-width: 750px) 100vw, 750px\" \/><\/figure>\n\n\n\n<figure class=\"wp-block-image size-full\"><img data-recalc-dims=\"1\" loading=\"lazy\" decoding=\"async\" width=\"750\" height=\"500\" src=\"https:\/\/i0.wp.com\/sharkscreators.com\/wp-content\/uploads\/2020\/06\/our-customers-1.jpg?resize=750%2C500&#038;ssl=1\" alt=\"\" class=\"wp-image-154\"\/><\/figure>\n<\/div>\n\n\n\n<div class=\"wp-block-column is-layout-flow wp-block-column-is-layout-flow\">\n<figure class=\"wp-block-image size-large\"><img data-recalc-dims=\"1\" loading=\"lazy\" decoding=\"async\" width=\"750\" height=\"500\" src=\"https:\/\/i0.wp.com\/sharkscreators.com\/wp-content\/uploads\/2020\/06\/our-customers-3-1.jpg?resize=750%2C500&#038;ssl=1\" alt=\"\" class=\"wp-image-181\"\/><\/figure>\n\n\n\n<figure class=\"wp-block-image size-large\"><img data-recalc-dims=\"1\" loading=\"lazy\" decoding=\"async\" width=\"750\" height=\"500\" src=\"https:\/\/i0.wp.com\/sharkscreators.com\/wp-content\/uploads\/2020\/06\/our-customers-2.jpg?resize=750%2C500&#038;ssl=1\" alt=\"Agence de marketing\" class=\"wp-image-153\"\/><\/figure>\n<\/div>\n<\/div>\n\n<hr class=\"wp-block-separator has-css-opacity is-style-wide\"\/>\n\n<div class=\"wp-block-group alignfull mb-0 mt-0\" style=\"padding-top:var(--wp--preset--spacing--70);padding-right:var(--wp--preset--spacing--50);padding-bottom:var(--wp--preset--spacing--70);padding-left:var(--wp--preset--spacing--50)\"><div class=\"wp-block-group__inner-container is-layout-constrained wp-container-core-group-is-layout-ff1254ef wp-block-group-is-layout-constrained\">\n<h2 id=\"h-latest-posts\" class=\"wp-block-heading has-small-font-size\" style=\"margin-bottom:0px;text-transform:uppercase\">Latest Posts<\/h2>\n\n\n\n<div class=\"wp-block-query is-layout-flow wp-block-query-is-layout-flow\">\n<hr class=\"wp-block-separator has-alpha-channel-opacity is-style-wide\" style=\"margin-top:8px;margin-bottom:8px\"\/>\n\n\n\n<p class=\"has-large-font-size wp-block-paragraph\"><a href=\"https:\/\/sharkscreators.com\/2023\/11\/25\/marketing-in-times-of-crisis\/\">Marketing in Times of Crisis: Navigating the Storm<\/a><\/p>\n<\/div>\n<\/div><\/div>\n\n<div class=\"wp-block-group alignfull has-background-color has-text-color has-background\" style=\"background-color:#051736\"><div class=\"wp-block-group__inner-container is-layout-flow wp-block-group-is-layout-flow\">\n<div class=\"wp-block-columns alignwide is-layout-flex wp-container-core-columns-is-layout-7387b849 wp-block-columns-is-layout-flex\">\n<div class=\"wp-block-column is-vertically-aligned-top is-layout-flow wp-block-column-is-layout-flow\">\n<h4 class=\"wp-block-heading has-text-align-center\" id=\"h-about-us\"><a href=\"https:\/\/sharkscreators.com\/fr\/a-propos-marketing\/\">\u00c0 Propos<\/a><\/h4>\n\n\n<div class=\"wp-block-image is-style-default wp-duotone-rgb255255255-ccc-2\">\n<figure class=\"aligncenter size-medium is-resized\"><a href=\"https:\/\/sharkscreators.com\/fr\/a-propos-marketing\/\"><img data-recalc-dims=\"1\" decoding=\"async\" src=\"https:\/\/shawburndemo.files.wordpress.com\/2019\/08\/smooth.png?w=750\" alt=\"\" class=\"wp-image-13\" style=\"width:150px;height:135px\"\/><\/a><\/figure>\n<\/div>\n\n\n<p class=\"has-text-align-center wp-block-paragraph\">Nous offrons une gamme compl\u00e8te de services marketing, m\u00e9dias traditionnels et num\u00e9riques<\/p>\n\n\n\n<hr class=\"wp-block-separator has-css-opacity\"\/>\n<\/div>\n\n\n\n<div class=\"wp-block-column is-layout-flow wp-block-column-is-layout-flow\">\n<h4 class=\"wp-block-heading has-text-align-center\" id=\"h-get-in-touch\">Contactez Nous<\/h4>\n\n\n\n<p class=\"has-text-align-center wp-block-paragraph\">Contactez-nous pour attirer votre audience<\/p>\n\n\n\n<p class=\"has-text-align-center wp-block-paragraph\">info@sharkscreators.com \/ ntouma@sharkscreators.ca<\/p>\n\n\n\n<p class=\"has-text-align-center wp-block-paragraph\">Toll Free Canada: +1 (833) 296-7497&#13;\nTel. Lebanon: +96176588866<\/p>\n\n\n\n<hr class=\"wp-block-separator has-css-opacity\"\/>\n<\/div>\n<\/div>\n\n\n\n<p class=\"wp-block-paragraph\"><\/p>\n<\/div><\/div>\n","protected":false},"excerpt":{"rendered":"<p>Nous offrons une vaste gamme de services afin de vous assister dans la transmission efficace d&rsquo;un message \u00e0 votre audience. De la strat\u00e9gie de communication \u00e0 la mise en \u0153uvre du marketing de contenu, en passant par la gestion des m\u00e9dias sociaux, la cr\u00e9ation de vid\u00e9os et la conception graphique.<\/p>\n","protected":false},"author":150964386,"featured_media":4931,"parent":0,"menu_order":1,"comment_status":"closed","ping_status":"closed","template":"","meta":{"_coblocks_attr":"","_coblocks_dimensions":"","_coblocks_responsive_height":"","_coblocks_accordion_ie_support":"","_crdt_document":"","_FSMCFIC_featured_image_caption":"","_FSMCFIC_featured_image_nocaption":"","_FSMCFIC_featured_image_hide":"","footnotes":""},"class_list":["post-4569","page","type-page","status-publish","has-post-thumbnail","hentry","entry"],"yoast_head":"<!-- This site is optimized with the Yoast SEO Premium plugin v22.7 (Yoast SEO v27.3) - https:\/\/yoast.com\/product\/yoast-seo-premium-wordpress\/ -->\n<title>Agence De Marketing | Sharks Creators<\/title>\n<meta name=\"description\" content=\"Agence de marketing offrant des services de consultation strat\u00e9gique centr\u00e9s sur la publicit\u00e9, la production vid\u00e9o et les m\u00e9dias sociaux.\" \/>\n<meta name=\"robots\" content=\"index, follow, max-snippet:-1, max-image-preview:large, max-video-preview:-1\" \/>\n<link rel=\"canonical\" href=\"https:\/\/sharkscreators.com\/fr\/\" \/>\n<meta property=\"og:locale\" content=\"fr_FR\" \/>\n<meta property=\"og:type\" content=\"article\" \/>\n<meta property=\"og:title\" content=\"Accueil\" \/>\n<meta property=\"og:description\" content=\"Agence de marketing offrant des services de consultation strat\u00e9gique centr\u00e9s sur la publicit\u00e9, la production vid\u00e9o et les m\u00e9dias sociaux.\" \/>\n<meta property=\"og:url\" content=\"https:\/\/sharkscreators.com\/fr\/\" \/>\n<meta property=\"og:site_name\" content=\"Sharks Creators\" \/>\n<meta property=\"article:modified_time\" content=\"2026-04-12T20:03:53+00:00\" \/>\n<meta property=\"og:image\" content=\"https:\/\/sharkscreators.com\/wp-content\/uploads\/2023\/11\/Featured-Image-Website-Home-Page.jpg\" \/>\n\t<meta property=\"og:image:width\" content=\"1200\" \/>\n\t<meta property=\"og:image:height\" content=\"800\" \/>\n\t<meta property=\"og:image:type\" content=\"image\/jpeg\" \/>\n<meta name=\"twitter:card\" content=\"summary_large_image\" \/>\n<meta name=\"twitter:label1\" content=\"Dur\u00e9e de lecture estim\u00e9e\" \/>\n\t<meta name=\"twitter:data1\" content=\"2 minutes\" \/>\n<script type=\"application\/ld+json\" class=\"yoast-schema-graph\">{\"@context\":\"https:\\\/\\\/schema.org\",\"@graph\":[{\"@type\":\"WebPage\",\"@id\":\"https:\\\/\\\/sharkscreators.com\\\/fr\\\/\",\"url\":\"https:\\\/\\\/sharkscreators.com\\\/fr\\\/\",\"name\":\"Agence De Marketing | Sharks Creators\",\"isPartOf\":{\"@id\":\"https:\\\/\\\/sharkscreators.com\\\/fr\\\/#website\"},\"primaryImageOfPage\":{\"@id\":\"https:\\\/\\\/sharkscreators.com\\\/fr\\\/#primaryimage\"},\"image\":{\"@id\":\"https:\\\/\\\/sharkscreators.com\\\/fr\\\/#primaryimage\"},\"thumbnailUrl\":\"https:\\\/\\\/i0.wp.com\\\/sharkscreators.com\\\/wp-content\\\/uploads\\\/2023\\\/11\\\/Featured-Image-Website-Home-Page.jpg?fit=1200%2C800&ssl=1\",\"datePublished\":\"2020-06-05T10:53:17+00:00\",\"dateModified\":\"2026-04-12T20:03:53+00:00\",\"description\":\"Agence de marketing offrant des services de consultation strat\u00e9gique centr\u00e9s sur la publicit\u00e9, la production vid\u00e9o et les m\u00e9dias sociaux.\",\"breadcrumb\":{\"@id\":\"https:\\\/\\\/sharkscreators.com\\\/fr\\\/#breadcrumb\"},\"inLanguage\":\"fr-FR\",\"potentialAction\":[{\"@type\":\"ReadAction\",\"target\":[\"https:\\\/\\\/sharkscreators.com\\\/fr\\\/\"]}]},{\"@type\":\"ImageObject\",\"inLanguage\":\"fr-FR\",\"@id\":\"https:\\\/\\\/sharkscreators.com\\\/fr\\\/#primaryimage\",\"url\":\"https:\\\/\\\/i0.wp.com\\\/sharkscreators.com\\\/wp-content\\\/uploads\\\/2023\\\/11\\\/Featured-Image-Website-Home-Page.jpg?fit=1200%2C800&ssl=1\",\"contentUrl\":\"https:\\\/\\\/i0.wp.com\\\/sharkscreators.com\\\/wp-content\\\/uploads\\\/2023\\\/11\\\/Featured-Image-Website-Home-Page.jpg?fit=1200%2C800&ssl=1\",\"width\":1200,\"height\":800,\"caption\":\"Agence Marketing\"},{\"@type\":\"BreadcrumbList\",\"@id\":\"https:\\\/\\\/sharkscreators.com\\\/fr\\\/#breadcrumb\",\"itemListElement\":[{\"@type\":\"ListItem\",\"position\":1,\"name\":\"Home\",\"item\":\"https:\\\/\\\/sharkscreators.com\\\/fr\\\/\"},{\"@type\":\"ListItem\",\"position\":2,\"name\":\"Accueil\"}]},{\"@type\":\"WebSite\",\"@id\":\"https:\\\/\\\/sharkscreators.com\\\/fr\\\/#website\",\"url\":\"https:\\\/\\\/sharkscreators.com\\\/fr\\\/\",\"name\":\"Sharks Creators\",\"description\":\"We Love To Create Content!\",\"publisher\":{\"@id\":\"https:\\\/\\\/sharkscreators.com\\\/fr\\\/#organization\"},\"potentialAction\":[{\"@type\":\"SearchAction\",\"target\":{\"@type\":\"EntryPoint\",\"urlTemplate\":\"https:\\\/\\\/sharkscreators.com\\\/fr\\\/?s={search_term_string}\"},\"query-input\":{\"@type\":\"PropertyValueSpecification\",\"valueRequired\":true,\"valueName\":\"search_term_string\"}}],\"inLanguage\":\"fr-FR\"},{\"@type\":\"Organization\",\"@id\":\"https:\\\/\\\/sharkscreators.com\\\/fr\\\/#organization\",\"name\":\"Sharks Creators\",\"url\":\"https:\\\/\\\/sharkscreators.com\\\/fr\\\/\",\"logo\":{\"@type\":\"ImageObject\",\"inLanguage\":\"fr-FR\",\"@id\":\"https:\\\/\\\/sharkscreators.com\\\/fr\\\/#\\\/schema\\\/logo\\\/image\\\/\",\"url\":\"https:\\\/\\\/i0.wp.com\\\/sharkscreators.com\\\/wp-content\\\/uploads\\\/2021\\\/10\\\/1080-Square.png?fit=1080%2C1080&ssl=1\",\"contentUrl\":\"https:\\\/\\\/i0.wp.com\\\/sharkscreators.com\\\/wp-content\\\/uploads\\\/2021\\\/10\\\/1080-Square.png?fit=1080%2C1080&ssl=1\",\"width\":1080,\"height\":1080,\"caption\":\"Sharks Creators\"},\"image\":{\"@id\":\"https:\\\/\\\/sharkscreators.com\\\/fr\\\/#\\\/schema\\\/logo\\\/image\\\/\"}}]}<\/script>\n<!-- \/ Yoast SEO Premium plugin. -->","yoast_head_json":{"title":"Agence De Marketing | Sharks Creators","description":"Agence de marketing offrant des services de consultation strat\u00e9gique centr\u00e9s sur la publicit\u00e9, la production vid\u00e9o et les m\u00e9dias sociaux.","robots":{"index":"index","follow":"follow","max-snippet":"max-snippet:-1","max-image-preview":"max-image-preview:large","max-video-preview":"max-video-preview:-1"},"canonical":"https:\/\/sharkscreators.com\/fr\/","og_locale":"fr_FR","og_type":"article","og_title":"Accueil","og_description":"Agence de marketing offrant des services de consultation strat\u00e9gique centr\u00e9s sur la publicit\u00e9, la production vid\u00e9o et les m\u00e9dias sociaux.","og_url":"https:\/\/sharkscreators.com\/fr\/","og_site_name":"Sharks Creators","article_modified_time":"2026-04-12T20:03:53+00:00","og_image":[{"width":1200,"height":800,"url":"https:\/\/sharkscreators.com\/wp-content\/uploads\/2023\/11\/Featured-Image-Website-Home-Page.jpg","type":"image\/jpeg"}],"twitter_card":"summary_large_image","twitter_misc":{"Dur\u00e9e de lecture estim\u00e9e":"2 minutes"},"schema":{"@context":"https:\/\/schema.org","@graph":[{"@type":"WebPage","@id":"https:\/\/sharkscreators.com\/fr\/","url":"https:\/\/sharkscreators.com\/fr\/","name":"Agence De Marketing | Sharks Creators","isPartOf":{"@id":"https:\/\/sharkscreators.com\/fr\/#website"},"primaryImageOfPage":{"@id":"https:\/\/sharkscreators.com\/fr\/#primaryimage"},"image":{"@id":"https:\/\/sharkscreators.com\/fr\/#primaryimage"},"thumbnailUrl":"https:\/\/i0.wp.com\/sharkscreators.com\/wp-content\/uploads\/2023\/11\/Featured-Image-Website-Home-Page.jpg?fit=1200%2C800&ssl=1","datePublished":"2020-06-05T10:53:17+00:00","dateModified":"2026-04-12T20:03:53+00:00","description":"Agence de marketing offrant des services de consultation strat\u00e9gique centr\u00e9s sur la publicit\u00e9, la production vid\u00e9o et les m\u00e9dias sociaux.","breadcrumb":{"@id":"https:\/\/sharkscreators.com\/fr\/#breadcrumb"},"inLanguage":"fr-FR","potentialAction":[{"@type":"ReadAction","target":["https:\/\/sharkscreators.com\/fr\/"]}]},{"@type":"ImageObject","inLanguage":"fr-FR","@id":"https:\/\/sharkscreators.com\/fr\/#primaryimage","url":"https:\/\/i0.wp.com\/sharkscreators.com\/wp-content\/uploads\/2023\/11\/Featured-Image-Website-Home-Page.jpg?fit=1200%2C800&ssl=1","contentUrl":"https:\/\/i0.wp.com\/sharkscreators.com\/wp-content\/uploads\/2023\/11\/Featured-Image-Website-Home-Page.jpg?fit=1200%2C800&ssl=1","width":1200,"height":800,"caption":"Agence Marketing"},{"@type":"BreadcrumbList","@id":"https:\/\/sharkscreators.com\/fr\/#breadcrumb","itemListElement":[{"@type":"ListItem","position":1,"name":"Home","item":"https:\/\/sharkscreators.com\/fr\/"},{"@type":"ListItem","position":2,"name":"Accueil"}]},{"@type":"WebSite","@id":"https:\/\/sharkscreators.com\/fr\/#website","url":"https:\/\/sharkscreators.com\/fr\/","name":"Sharks Creators","description":"We Love To Create Content!","publisher":{"@id":"https:\/\/sharkscreators.com\/fr\/#organization"},"potentialAction":[{"@type":"SearchAction","target":{"@type":"EntryPoint","urlTemplate":"https:\/\/sharkscreators.com\/fr\/?s={search_term_string}"},"query-input":{"@type":"PropertyValueSpecification","valueRequired":true,"valueName":"search_term_string"}}],"inLanguage":"fr-FR"},{"@type":"Organization","@id":"https:\/\/sharkscreators.com\/fr\/#organization","name":"Sharks Creators","url":"https:\/\/sharkscreators.com\/fr\/","logo":{"@type":"ImageObject","inLanguage":"fr-FR","@id":"https:\/\/sharkscreators.com\/fr\/#\/schema\/logo\/image\/","url":"https:\/\/i0.wp.com\/sharkscreators.com\/wp-content\/uploads\/2021\/10\/1080-Square.png?fit=1080%2C1080&ssl=1","contentUrl":"https:\/\/i0.wp.com\/sharkscreators.com\/wp-content\/uploads\/2021\/10\/1080-Square.png?fit=1080%2C1080&ssl=1","width":1080,"height":1080,"caption":"Sharks Creators"},"image":{"@id":"https:\/\/sharkscreators.com\/fr\/#\/schema\/logo\/image\/"}}]}},"jetpack_sharing_enabled":true,"jetpack_shortlink":"https:\/\/wp.me\/Pc4MhP-1bH","_links":{"self":[{"href":"https:\/\/sharkscreators.com\/fr\/wp-json\/wp\/v2\/pages\/4569","targetHints":{"allow":["GET"]}}],"collection":[{"href":"https:\/\/sharkscreators.com\/fr\/wp-json\/wp\/v2\/pages"}],"about":[{"href":"https:\/\/sharkscreators.com\/fr\/wp-json\/wp\/v2\/types\/page"}],"author":[{"embeddable":true,"href":"https:\/\/sharkscreators.com\/fr\/wp-json\/wp\/v2\/users\/150964386"}],"replies":[{"embeddable":true,"href":"https:\/\/sharkscreators.com\/fr\/wp-json\/wp\/v2\/comments?post=4569"}],"version-history":[{"count":8,"href":"https:\/\/sharkscreators.com\/fr\/wp-json\/wp\/v2\/pages\/4569\/revisions"}],"predecessor-version":[{"id":10146,"href":"https:\/\/sharkscreators.com\/fr\/wp-json\/wp\/v2\/pages\/4569\/revisions\/10146"}],"wp:featuredmedia":[{"embeddable":true,"href":"https:\/\/sharkscreators.com\/fr\/wp-json\/wp\/v2\/media\/4931"}],"wp:attachment":[{"href":"https:\/\/sharkscreators.com\/fr\/wp-json\/wp\/v2\/media?parent=4569"}],"curies":[{"name":"wp","href":"https:\/\/api.w.org\/{rel}","templated":true}]}}